












{"id":1001,"date":"2019-04-30T07:45:18","date_gmt":"2019-04-30T05:45:18","guid":{"rendered":"https:\/\/mayrtec-at.kds1.rundrweb.com\/wp\/?page_id=1001"},"modified":"2021-10-18T10:48:35","modified_gmt":"2021-10-18T08:48:35","slug":"references","status":"publish","type":"page","link":"https:\/\/www.mayrtec.at\/en\/company\/references\/","title":{"rendered":"References"},"content":{"rendered":"<div class=\"alignnormal\"><div id=\"metaslider-id-27\" style=\"width: 100%;\" class=\"ml-slider-3-108-0 metaslider metaslider-flex metaslider-27 ml-slider ms-theme-default nav-hidden\" role=\"region\" aria-label=\"Unterseiten Slider\" data-height=\"450\" data-width=\"1920\">\n    <div id=\"metaslider_container_27\">\n        <div id=\"metaslider_27\">\n            <ul class='slides'>\n                <li style=\"display: block; width: 100%;\" class=\"slide-451 ms-image \" aria-roledescription=\"slide\" data-date=\"2019-04-02 15:57:59\" data-filename=\"IMG_20190124_1646385-2.jpg\" data-slide-type=\"image\"><img loading=\"lazy\" decoding=\"async\" src=\"https:\/\/www.mayrtec.at\/wp\/wp-content\/uploads\/IMG_20190124_1646385-2.jpg\" height=\"450\" width=\"1920\" alt=\"\" class=\"slider-27 slide-451 msDefaultImage\" \/><\/li>\n                <li style=\"display: none; width: 100%;\" class=\"slide-450 ms-image \" aria-roledescription=\"slide\" data-date=\"2019-04-02 15:57:59\" data-filename=\"Feinmechanik-3.jpg\" data-slide-type=\"image\"><img loading=\"lazy\" decoding=\"async\" src=\"https:\/\/www.mayrtec.at\/wp\/wp-content\/uploads\/Feinmechanik-3.jpg\" height=\"450\" width=\"1920\" alt=\"\" class=\"slider-27 slide-450 msDefaultImage\" \/><\/li>\n                <li style=\"display: none; width: 100%;\" class=\"slide-453 ms-image \" aria-roledescription=\"slide\" data-date=\"2019-04-02 15:58:00\" data-filename=\"SDC14534-1.jpg\" data-slide-type=\"image\"><img loading=\"lazy\" decoding=\"async\" src=\"https:\/\/www.mayrtec.at\/wp\/wp-content\/uploads\/SDC14534-1.jpg\" height=\"450\" width=\"1920\" alt=\"\" class=\"slider-27 slide-453 msDefaultImage\" \/><\/li>\n                <li style=\"display: none; width: 100%;\" class=\"slide-452 ms-image \" aria-roledescription=\"slide\" data-date=\"2019-04-02 15:57:59\" data-filename=\"IMG_20190322_1310022-2.jpg\" data-slide-type=\"image\"><img loading=\"lazy\" decoding=\"async\" src=\"https:\/\/www.mayrtec.at\/wp\/wp-content\/uploads\/IMG_20190322_1310022-2.jpg\" height=\"450\" width=\"1920\" alt=\"\" class=\"slider-27 slide-452 msDefaultImage\" \/><\/li>\n            <\/ul>\n        <\/div>\n        \n    <\/div>\n<\/div><\/div>\n\n\n<div><ss3-force-full-width data-overflow-x=\"body\" data-horizontal-selector=\"body\"><div class=\"n2-section-smartslider fitvidsignore \" data-ssid=\"79\" tabindex=\"0\" role=\"region\" aria-label=\"Slider\"><div id=\"n2-ss-79-align\" class=\"n2-ss-align\"><div class=\"n2-padding\"><div id=\"n2-ss-79\" data-creator=\"Smart Slider 3\" data-responsive=\"fullwidth\" class=\"n2-ss-slider n2-ow n2-has-hover n2notransition  \">\n        <div class=\"n2-ss-slider-1 n2_ss__touch_element n2-ow\">\n            <div class=\"n2-ss-slider-2 n2-ow\">\n                                                <div class=\"n2-ss-slider-3 n2-ow\">\n\n                    <div class=\"n2-ss-slide-backgrounds n2-ow-all\"><div class=\"n2-ss-slide-background\" data-public-id=\"1\" data-mode=\"fill\"><div class=\"n2-ss-slide-background-image\" data-blur=\"0\" data-opacity=\"100\" data-x=\"50\" data-y=\"50\" data-alt=\"\" data-title=\"\"><picture class=\"skip-lazy\" data-skip-lazy=\"1\"><img decoding=\"async\" src=\"\/\/www.mayrtec.at\/wp\/wp-content\/uploads\/Mayrtec-G\u00fcnther-Mayr-Konstruktion-Feinmechanik-und-Fertigung-aus-Kallham-in-Ober\u00f6sterreich1.jpg\" alt=\"\" title=\"\" loading=\"lazy\" class=\"skip-lazy\" data-skip-lazy=\"1\"\/><\/picture><\/div><div data-color=\"RGBA(255,255,255,0)\" style=\"background-color: RGBA(255,255,255,0);\" class=\"n2-ss-slide-background-color\"><\/div><\/div><\/div>                    <div class=\"n2-ss-slider-4 n2-ow\">\n                        <svg xmlns=\"http:\/\/www.w3.org\/2000\/svg\" viewBox=\"0 0 2400 50\" data-related-device=\"desktopPortrait\" class=\"n2-ow n2-ss-preserve-size n2-ss-preserve-size--slider n2-ss-slide-limiter\"><\/svg><div data-first=\"1\" data-slide-duration=\"0\" data-id=\"135\" data-slide-public-id=\"1\" data-title=\"Mayrtec - G\u00fcnther Mayr - Konstruktion, Feinmechanik und Fertigung aus Kallham in Ober\u00f6sterreich1\" class=\"n2-ss-slide n2-ow  n2-ss-slide-135\"><div role=\"note\" class=\"n2-ss-slide--focus\" tabindex=\"-1\">Mayrtec &#8211; G\u00fcnther Mayr &#8211; Konstruktion, Feinmechanik und Fertigung aus Kallham in Ober\u00f6sterreich1<\/div><div class=\"n2-ss-layers-container n2-ss-slide-limiter n2-ow\"><div class=\"n2-ss-layer n2-ow n-uc-GczrkK7myNaJ\" data-sstype=\"slide\" data-pm=\"default\"><div class=\"n2-ss-layer n2-ow n-uc-oR3tyiCAkauN\" data-pm=\"default\" data-sstype=\"content\" data-hasbackground=\"0\"><div class=\"n2-ss-section-main-content n2-ss-layer-with-background n2-ss-layer-content n2-ow n-uc-oR3tyiCAkauN-inner\"><div class=\"n2-ss-layer n2-ow n-uc-SNDOf0UVnsJs\" data-pm=\"normal\" data-sstype=\"layer\"><h1 id=\"n2-ss-79item1\" class=\"n2-font-60efbccade6215e5e068f26ddd8b3963-hover   n2-ss-item-content n2-ss-text n2-ow\" style=\"display:block;\">References<\/h1><\/div><\/div><\/div><\/div><\/div><\/div>                    <\/div>\n\n                                    <\/div>\n            <\/div>\n        <\/div>\n        <\/div><ss3-loader><\/ss3-loader><\/div><\/div><div class=\"n2_clear\"><\/div><\/div><\/ss3-force-full-width><\/div>\n\n<div class='conblock con-default  clearfix' style=''><div class='conblock-inner'>\n<h3 data-tadv-p=\"keep\">Reliability, top notch quality and professionalism are a matter of course for us<\/h3>\n<p>Thanks to our satisfied customers, we can constantly develop our work and our know-how. <strong>Our goal: customer satisfaction.<\/strong><\/p>\n\n\n    <a name=\"anchor-referenzen-en\" class=\"anchor anchor2\"><\/a>\n\n    <ul id=\"articles-referenzen-en\" class=\"articles cols4 cols gap0 clearfix \">\n\n\n            <li class=\"entry col clearfix\">\n    \n    \n    <div class=\"pic\">\n        <div class=\"picbox\">\n            <img loading=\"lazy\" decoding=\"async\" width=\"350\" height=\"200\" src=\"https:\/\/www.mayrtec.at\/wp\/wp-content\/uploads\/STG.jpg\" class=\"attachment-articlepic size-articlepic wp-post-image\" alt=\"\" \/>        <\/div>\n    <\/div>\n\n    <div class=\"desc noexcerpt \" style=\"height: 50px !important\">\n        <h4>STG Solutions<\/h4>\n        <div class=\"excerpt\">\n                    <\/div>\n    <\/div>\n\n    \n    <\/li>\n\n    \n            <li class=\"entry col clearfix\">\n    \n    \n    <div class=\"pic\">\n        <div class=\"picbox\">\n            <img loading=\"lazy\" decoding=\"async\" width=\"350\" height=\"200\" src=\"https:\/\/www.mayrtec.at\/wp\/wp-content\/uploads\/Download.jpg\" class=\"attachment-articlepic size-articlepic wp-post-image\" alt=\"\" \/>        <\/div>\n    <\/div>\n\n    <div class=\"desc noexcerpt \" style=\"height: 50px !important\">\n        <h4>WZM GmbH<\/h4>\n        <div class=\"excerpt\">\n                    <\/div>\n    <\/div>\n\n    \n    <\/li>\n\n    \n            <li class=\"entry col clearfix\">\n    \n    \n    <div class=\"pic\">\n        <div class=\"picbox\">\n            <img loading=\"lazy\" decoding=\"async\" width=\"350\" height=\"200\" src=\"https:\/\/www.mayrtec.at\/wp\/wp-content\/uploads\/Profi-Grill-Logo-1.png\" class=\"attachment-articlepic size-articlepic wp-post-image\" alt=\"\" \/>        <\/div>\n    <\/div>\n\n    <div class=\"desc noexcerpt \" style=\"height: 50px !important\">\n        <h4>Profi Grill<\/h4>\n        <div class=\"excerpt\">\n                    <\/div>\n    <\/div>\n\n    \n    <\/li>\n\n    \n            <li class=\"entry col clearfix\">\n    \n    \n    <div class=\"pic\">\n        <div class=\"picbox\">\n            <img loading=\"lazy\" decoding=\"async\" width=\"350\" height=\"200\" src=\"https:\/\/www.mayrtec.at\/wp\/wp-content\/uploads\/Voglsam-GmbH.jpg\" class=\"attachment-articlepic size-articlepic wp-post-image\" alt=\"\" \/>        <\/div>\n    <\/div>\n\n    <div class=\"desc noexcerpt \" style=\"height: 50px !important\">\n        <h4>Hasenfit Voglsam GmbH<\/h4>\n        <div class=\"excerpt\">\n                    <\/div>\n    <\/div>\n\n    \n    <\/li>\n\n    \n            <li class=\"entry col clearfix\">\n    \n    \n    <div class=\"pic\">\n        <div class=\"picbox\">\n            <img loading=\"lazy\" decoding=\"async\" width=\"350\" height=\"200\" src=\"https:\/\/www.mayrtec.at\/wp\/wp-content\/uploads\/Jarolim-Fasertechnik-GmbH.jpg\" class=\"attachment-articlepic size-articlepic wp-post-image\" alt=\"\" \/>        <\/div>\n    <\/div>\n\n    <div class=\"desc noexcerpt \" style=\"height: 50px !important\">\n        <h4>Jarolim<\/h4>\n        <div class=\"excerpt\">\n                    <\/div>\n    <\/div>\n\n    \n    <\/li>\n\n    \n            <li class=\"entry col clearfix\">\n    \n    \n    <div class=\"pic\">\n        <div class=\"picbox\">\n            <img loading=\"lazy\" decoding=\"async\" width=\"350\" height=\"200\" src=\"https:\/\/www.mayrtec.at\/wp\/wp-content\/uploads\/Ebets.jpg\" class=\"attachment-articlepic size-articlepic wp-post-image\" alt=\"\" \/>        <\/div>\n    <\/div>\n\n    <div class=\"desc noexcerpt \" style=\"height: 50px !important\">\n        <h4>ebets GmbH<\/h4>\n        <div class=\"excerpt\">\n                    <\/div>\n    <\/div>\n\n    \n    <\/li>\n\n    \n            <li class=\"entry col clearfix\">\n    \n    \n    <div class=\"pic\">\n        <div class=\"picbox\">\n            <img loading=\"lazy\" decoding=\"async\" width=\"350\" height=\"200\" src=\"https:\/\/www.mayrtec.at\/wp\/wp-content\/uploads\/CNC-Service-u.-Mechatronik-GmbH.jpg\" class=\"attachment-articlepic size-articlepic wp-post-image\" alt=\"\" \/>        <\/div>\n    <\/div>\n\n    <div class=\"desc noexcerpt \" style=\"height: 50px !important\">\n        <h4>CNC Service<\/h4>\n        <div class=\"excerpt\">\n                    <\/div>\n    <\/div>\n\n    \n    <\/li>\n\n    \n            <li class=\"entry col clearfix\">\n    \n    \n    <div class=\"pic\">\n        <div class=\"picbox\">\n            <img loading=\"lazy\" decoding=\"async\" width=\"350\" height=\"200\" src=\"https:\/\/www.mayrtec.at\/wp\/wp-content\/uploads\/142115_Logo-MAG_RZ_300-ppi_H-30-px-300x76.png\" class=\"attachment-articlepic size-articlepic wp-post-image\" alt=\"\" \/>        <\/div>\n    <\/div>\n\n    <div class=\"desc noexcerpt \" style=\"height: 50px !important\">\n        <h4>MAGtech<\/h4>\n        <div class=\"excerpt\">\n                    <\/div>\n    <\/div>\n\n    \n    <\/li>\n\n        <\/ul>\n\n\n\n<\/div> <\/div>\n\n<div class=\"n2_clear\"><ss3-force-full-width data-overflow-x=\"body\" data-horizontal-selector=\"body\"><div class=\"n2-section-smartslider fitvidsignore  n2_clear\" data-ssid=\"93\" tabindex=\"0\" role=\"region\" aria-label=\"Slider\"><div id=\"n2-ss-93-align\" class=\"n2-ss-align\"><div class=\"n2-padding\"><div id=\"n2-ss-93\" data-creator=\"Smart Slider 3\" data-responsive=\"fullwidth\" class=\"n2-ss-slider n2-ow n2-has-hover n2notransition  \">\n        <div class=\"n2-ss-slider-1 n2_ss__touch_element n2-ow\">\n            <div class=\"n2-ss-slider-2 n2-ow\">\n                                                <div class=\"n2-ss-slider-3 n2-ow\">\n\n                    <div class=\"n2-ss-slide-backgrounds n2-ow-all\"><div class=\"n2-ss-slide-background\" data-public-id=\"1\" data-mode=\"fill\"><div data-gradient=\"horizontal\" data-color-start=\"RGBA(12,158,74,1)\" data-color-end=\"RGBA(12,158,74,1)\" style=\"background:linear-gradient(to right, RGBA(12,158,74,1) 0%,RGBA(12,158,74,1) 100%);\" class=\"n2-ss-slide-background-color\"><\/div><\/div><\/div>                    <div class=\"n2-ss-slider-4 n2-ow\">\n                        <svg xmlns=\"http:\/\/www.w3.org\/2000\/svg\" viewBox=\"0 0 2400 250\" data-related-device=\"desktopPortrait\" class=\"n2-ow n2-ss-preserve-size n2-ss-preserve-size--slider n2-ss-slide-limiter\"><\/svg><div data-first=\"1\" data-slide-duration=\"0\" data-id=\"155\" data-slide-public-id=\"1\" data-title=\"Slide\" class=\"n2-ss-slide n2-ow  n2-ss-slide-155\"><div role=\"note\" class=\"n2-ss-slide--focus\" tabindex=\"-1\">Slide<\/div><div class=\"n2-ss-layers-container n2-ss-slide-limiter n2-ow\"><div class=\"n2-ss-layer n2-ow n-uc-KJXfvwB32dUn\" data-sstype=\"slide\" data-pm=\"default\"><div class=\"n2-ss-layer n2-ow n-uc-RAzp8NNvN7hb\" data-pm=\"default\" data-sstype=\"content\" data-hasbackground=\"0\"><div class=\"n2-ss-section-main-content n2-ss-layer-with-background n2-ss-layer-content n2-ow n-uc-RAzp8NNvN7hb-inner\"><div class=\"n2-ss-layer n2-ow n2-ss-layer--block n2-ss-has-self-align n-uc-ftC5PHy1LdLN\" data-pm=\"normal\" data-sstype=\"row\"><div class=\"n2-ss-layer-row n2-ss-layer-with-background n-uc-ftC5PHy1LdLN-inner\"><div class=\"n2-ss-layer-row-inner \"><div class=\"n2-ss-layer n2-ow n-uc-H8Hxa6LyzSmK\" data-pm=\"default\" data-hidemobileportrait=\"1\" data-sstype=\"col\"><div class=\"n2-ss-layer-col n2-ss-layer-with-background n2-ss-layer-content n-uc-H8Hxa6LyzSmK-inner\"><div class=\"n2-ss-layer n2-ow n-uc-2qt7Xwm2GgnW\" data-pm=\"normal\" data-sstype=\"layer\"><div id=\"n2-ss-93item1\" class=\"n2-font-6a9798f02b6bc6607921038011ae0570-hover   n2-ss-item-content n2-ss-text n2-ow\" style=\"display:block;\">Do you have any questions?<\/div><\/div><div class=\"n2-ss-layer n2-ow n-uc-YDecrgXSyAuU\" data-pm=\"normal\" data-sstype=\"layer\"><h4 id=\"n2-ss-93item2\" class=\"n2-font-7e50e0cc573a96ebf54238a2a07b9123-hover   n2-ss-item-content n2-ss-text n2-ow\" style=\"display:block;\">Please contact us, and we will do our best to resolve all your questions!<\/h4><\/div><\/div><\/div><div class=\"n2-ss-layer n2-ow n-uc-G2yS6jqGTVb5\" data-pm=\"default\" data-sstype=\"col\"><div class=\"n2-ss-layer-col n2-ss-layer-with-background n2-ss-layer-content n-uc-G2yS6jqGTVb5-inner\"><div class=\"n2-ss-layer n2-ow n-uc-30egoRbmppsY n2-ss-layer--auto\" data-pm=\"normal\" data-sstype=\"layer\"><div class=\"n2-ss-button-container n2-ss-item-content n2-ow n2-font-fd03d34238c640bee779c3986e6fc5f4-link  n2-ss-nowrap n2-ss-button-container--non-full-width\"><a class=\"n2-style-709c7508b8da7b17d15363f4b1b16dff-heading  n2-ow \" href=\"mailto:&#x6f;&#x66;&#x66;&#x69;&#x63;&#x65;&#x40;&#x6d;&#x61;&#x79;&#x72;&#x74;&#x65;&#x63;&#x2e;&#x61;&#x74;\"><div><div>WRITE US!<\/div><\/div><\/a><\/div><\/div><\/div><\/div><\/div><\/div><\/div><\/div><\/div><\/div><\/div><\/div>                    <\/div>\n\n                                    <\/div>\n            <\/div>\n        <\/div>\n        <\/div><ss3-loader><\/ss3-loader><\/div><\/div><div class=\"n2_clear\"><\/div><\/div><\/ss3-force-full-width><\/div>\n\n<div><ss3-force-full-width data-overflow-x=\"body\" data-horizontal-selector=\"body\"><div class=\"n2-section-smartslider fitvidsignore \" data-ssid=\"56\" tabindex=\"0\" role=\"region\" aria-label=\"Slider\"><div id=\"n2-ss-56-align\" class=\"n2-ss-align\"><div class=\"n2-padding\"><div id=\"n2-ss-56\" data-creator=\"Smart Slider 3\" data-responsive=\"fullwidth\" class=\"n2-ss-slider n2-ow n2-has-hover n2notransition  \">\n        <div class=\"n2-ss-slider-1 n2-ow\">\n            <div class=\"n2-ss-slider-2 n2-ow\">\n                <div class=\"n2-ss-slide-backgrounds n2-ow-all\"><div class=\"n2-ss-slide-background\" data-public-id=\"1\" data-mode=\"fill\"><div class=\"n2-ss-slide-background-image\" data-blur=\"0\" data-opacity=\"90\" data-x=\"50\" data-y=\"50\" data-alt=\"Mayrtec - Ing. G\u00fcnther Mayr\" data-title=\"\" style=\"opacity:0.9\"><picture class=\"skip-lazy\" data-skip-lazy=\"1\"><img decoding=\"async\" src=\"\/\/www.mayrtec.at\/wp\/wp-content\/uploads\/Feinmechanik-2.jpg\" alt=\"Mayrtec - Ing. G\u00fcnther Mayr\" title=\"\" loading=\"lazy\" class=\"skip-lazy\" data-skip-lazy=\"1\"\/><\/picture><\/div><div data-color=\"RGBA(0,0,0,1)\" style=\"background-color: RGBA(0,0,0,1);\" class=\"n2-ss-slide-background-color\"><\/div><\/div><\/div>                <div class=\"n2-ss-slider-3 n2-ow\">\n                    <svg xmlns=\"http:\/\/www.w3.org\/2000\/svg\" viewBox=\"0 0 1000 600\" data-related-device=\"desktopPortrait\" class=\"n2-ow n2-ss-preserve-size n2-ss-preserve-size--slider n2-ss-slide-limiter\"><\/svg><div data-first=\"1\" data-slide-duration=\"0\" data-id=\"94\" data-slide-public-id=\"1\" data-title=\"Mayrtec - Ing. G\u00fcnther Mayr\" class=\"n2-ss-slide n2-ow  n2-ss-slide-94\"><div role=\"note\" class=\"n2-ss-slide--focus\" tabindex=\"-1\">Mayrtec &#8211; Ing. G\u00fcnther Mayr<\/div><div class=\"n2-ss-layers-container n2-ss-slide-limiter n2-ow\"><div class=\"n2-ss-layer n2-ow n-uc-bkQyEceSALJv\" data-sstype=\"slide\" data-pm=\"default\"><\/div><\/div><\/div>                <\/div>\n                            <\/div>\n        <\/div>\n        <\/div><ss3-loader><\/ss3-loader><\/div><\/div><div class=\"n2_clear\"><\/div><\/div><\/ss3-force-full-width><\/div><\/p>","protected":false},"excerpt":{"rendered":"","protected":false},"author":4,"featured_media":0,"parent":999,"menu_order":7,"comment_status":"closed","ping_status":"closed","template":"","meta":{"footnotes":""},"class_list":["post-1001","page","type-page","status-publish","hentry"],"yoast_head":"<!-- This site is optimized with the Yoast SEO plugin v27.4 - https:\/\/yoast.com\/product\/yoast-seo-wordpress\/ -->\n<title>References - Mayrtec Engineering - Ing. G\u00fcnther Mayr aus Ober\u00f6sterreich<\/title>\n<meta name=\"robots\" content=\"index, follow, max-snippet:-1, max-image-preview:large, max-video-preview:-1\" \/>\n<link rel=\"canonical\" href=\"https:\/\/www.mayrtec.at\/en\/company\/references\/\" \/>\n<meta property=\"og:locale\" content=\"en_US\" \/>\n<meta property=\"og:type\" content=\"article\" \/>\n<meta property=\"og:title\" content=\"References - Mayrtec Engineering - Ing. G\u00fcnther Mayr aus Ober\u00f6sterreich\" \/>\n<meta property=\"og:url\" content=\"https:\/\/www.mayrtec.at\/en\/company\/references\/\" \/>\n<meta property=\"og:site_name\" content=\"Mayrtec Engineering - Ing. G\u00fcnther Mayr aus Ober\u00f6sterreich\" \/>\n<meta property=\"article:modified_time\" content=\"2021-10-18T08:48:35+00:00\" \/>\n<meta name=\"twitter:card\" content=\"summary_large_image\" \/>\n<script type=\"application\/ld+json\" class=\"yoast-schema-graph\">{\"@context\":\"https:\\\/\\\/schema.org\",\"@graph\":[{\"@type\":\"WebPage\",\"@id\":\"https:\\\/\\\/www.mayrtec.at\\\/en\\\/company\\\/references\\\/\",\"url\":\"https:\\\/\\\/www.mayrtec.at\\\/en\\\/company\\\/references\\\/\",\"name\":\"References - Mayrtec Engineering - Ing. G\u00fcnther Mayr aus Ober\u00f6sterreich\",\"isPartOf\":{\"@id\":\"https:\\\/\\\/www.mayrtec.at\\\/#website\"},\"datePublished\":\"2019-04-30T05:45:18+00:00\",\"dateModified\":\"2021-10-18T08:48:35+00:00\",\"breadcrumb\":{\"@id\":\"https:\\\/\\\/www.mayrtec.at\\\/en\\\/company\\\/references\\\/#breadcrumb\"},\"inLanguage\":\"en-US\",\"potentialAction\":[{\"@type\":\"ReadAction\",\"target\":[\"https:\\\/\\\/www.mayrtec.at\\\/en\\\/company\\\/references\\\/\"]}]},{\"@type\":\"BreadcrumbList\",\"@id\":\"https:\\\/\\\/www.mayrtec.at\\\/en\\\/company\\\/references\\\/#breadcrumb\",\"itemListElement\":[{\"@type\":\"ListItem\",\"position\":1,\"name\":\"Startseite\",\"item\":\"https:\\\/\\\/www.mayrtec.at\\\/en\\\/\"},{\"@type\":\"ListItem\",\"position\":2,\"name\":\"Company\",\"item\":\"https:\\\/\\\/www.mayrtec.at\\\/en\\\/company\\\/\"},{\"@type\":\"ListItem\",\"position\":3,\"name\":\"References\"}]},{\"@type\":\"WebSite\",\"@id\":\"https:\\\/\\\/www.mayrtec.at\\\/#website\",\"url\":\"https:\\\/\\\/www.mayrtec.at\\\/\",\"name\":\"Mayrtec Engineering - Ing. G\u00fcnther Mayr aus Ober\u00f6sterreich\",\"description\":\"Mayrtec Engineering -  Ing. G\u00fcnther Mayr aus Ober\u00f6sterreich steht f\u00fcr Sonderl\u00f6sungen im Maschinenbau und Mechatronik, sowie f\u00fcr Spezialprodukte im RC Bereich...\",\"potentialAction\":[{\"@type\":\"SearchAction\",\"target\":{\"@type\":\"EntryPoint\",\"urlTemplate\":\"https:\\\/\\\/www.mayrtec.at\\\/?s={search_term_string}\"},\"query-input\":{\"@type\":\"PropertyValueSpecification\",\"valueRequired\":true,\"valueName\":\"search_term_string\"}}],\"inLanguage\":\"en-US\"}]}<\/script>\n<!-- \/ Yoast SEO plugin. -->","yoast_head_json":{"title":"References - Mayrtec Engineering - Ing. G\u00fcnther Mayr aus Ober\u00f6sterreich","robots":{"index":"index","follow":"follow","max-snippet":"max-snippet:-1","max-image-preview":"max-image-preview:large","max-video-preview":"max-video-preview:-1"},"canonical":"https:\/\/www.mayrtec.at\/en\/company\/references\/","og_locale":"en_US","og_type":"article","og_title":"References - Mayrtec Engineering - Ing. G\u00fcnther Mayr aus Ober\u00f6sterreich","og_url":"https:\/\/www.mayrtec.at\/en\/company\/references\/","og_site_name":"Mayrtec Engineering - Ing. G\u00fcnther Mayr aus Ober\u00f6sterreich","article_modified_time":"2021-10-18T08:48:35+00:00","twitter_card":"summary_large_image","schema":{"@context":"https:\/\/schema.org","@graph":[{"@type":"WebPage","@id":"https:\/\/www.mayrtec.at\/en\/company\/references\/","url":"https:\/\/www.mayrtec.at\/en\/company\/references\/","name":"References - Mayrtec Engineering - Ing. G\u00fcnther Mayr aus Ober\u00f6sterreich","isPartOf":{"@id":"https:\/\/www.mayrtec.at\/#website"},"datePublished":"2019-04-30T05:45:18+00:00","dateModified":"2021-10-18T08:48:35+00:00","breadcrumb":{"@id":"https:\/\/www.mayrtec.at\/en\/company\/references\/#breadcrumb"},"inLanguage":"en-US","potentialAction":[{"@type":"ReadAction","target":["https:\/\/www.mayrtec.at\/en\/company\/references\/"]}]},{"@type":"BreadcrumbList","@id":"https:\/\/www.mayrtec.at\/en\/company\/references\/#breadcrumb","itemListElement":[{"@type":"ListItem","position":1,"name":"Startseite","item":"https:\/\/www.mayrtec.at\/en\/"},{"@type":"ListItem","position":2,"name":"Company","item":"https:\/\/www.mayrtec.at\/en\/company\/"},{"@type":"ListItem","position":3,"name":"References"}]},{"@type":"WebSite","@id":"https:\/\/www.mayrtec.at\/#website","url":"https:\/\/www.mayrtec.at\/","name":"Mayrtec Engineering - Ing. G\u00fcnther Mayr aus Ober\u00f6sterreich","description":"Mayrtec Engineering -  Ing. G\u00fcnther Mayr aus Ober\u00f6sterreich steht f\u00fcr Sonderl\u00f6sungen im Maschinenbau und Mechatronik, sowie f\u00fcr Spezialprodukte im RC Bereich...","potentialAction":[{"@type":"SearchAction","target":{"@type":"EntryPoint","urlTemplate":"https:\/\/www.mayrtec.at\/?s={search_term_string}"},"query-input":{"@type":"PropertyValueSpecification","valueRequired":true,"valueName":"search_term_string"}}],"inLanguage":"en-US"}]}},"_links":{"self":[{"href":"https:\/\/www.mayrtec.at\/en\/wp-json\/wp\/v2\/pages\/1001","targetHints":{"allow":["GET"]}}],"collection":[{"href":"https:\/\/www.mayrtec.at\/en\/wp-json\/wp\/v2\/pages"}],"about":[{"href":"https:\/\/www.mayrtec.at\/en\/wp-json\/wp\/v2\/types\/page"}],"author":[{"embeddable":true,"href":"https:\/\/www.mayrtec.at\/en\/wp-json\/wp\/v2\/users\/4"}],"replies":[{"embeddable":true,"href":"https:\/\/www.mayrtec.at\/en\/wp-json\/wp\/v2\/comments?post=1001"}],"version-history":[{"count":5,"href":"https:\/\/www.mayrtec.at\/en\/wp-json\/wp\/v2\/pages\/1001\/revisions"}],"predecessor-version":[{"id":2991,"href":"https:\/\/www.mayrtec.at\/en\/wp-json\/wp\/v2\/pages\/1001\/revisions\/2991"}],"up":[{"embeddable":true,"href":"https:\/\/www.mayrtec.at\/en\/wp-json\/wp\/v2\/pages\/999"}],"wp:attachment":[{"href":"https:\/\/www.mayrtec.at\/en\/wp-json\/wp\/v2\/media?parent=1001"}],"curies":[{"name":"wp","href":"https:\/\/api.w.org\/{rel}","templated":true}]}}