












{"id":3015,"date":"2021-12-03T09:24:54","date_gmt":"2021-12-03T08:24:54","guid":{"rendered":"https:\/\/kd1902003-002-rur-onl.kds1.rundrweb.com\/wp\/?page_id=3015"},"modified":"2022-01-03T10:09:20","modified_gmt":"2022-01-03T09:09:20","slug":"shop","status":"publish","type":"page","link":"https:\/\/www.mayrtec.at\/en\/shop\/","title":{"rendered":"Shop"},"content":{"rendered":"<div class=\"alignnormal\"><div id=\"metaslider-id-27\" style=\"width: 100%;\" class=\"ml-slider-3-108-0 metaslider metaslider-flex metaslider-27 ml-slider ms-theme-default nav-hidden\" role=\"region\" aria-label=\"Unterseiten Slider\" data-height=\"450\" data-width=\"1920\">\n    <div id=\"metaslider_container_27\">\n        <div id=\"metaslider_27\">\n            <ul class='slides'>\n                <li style=\"display: block; width: 100%;\" class=\"slide-450 ms-image \" aria-roledescription=\"slide\" data-date=\"2019-04-02 15:57:59\" data-filename=\"Feinmechanik-3.jpg\" data-slide-type=\"image\"><img loading=\"lazy\" decoding=\"async\" src=\"https:\/\/www.mayrtec.at\/wp\/wp-content\/uploads\/Feinmechanik-3.jpg\" height=\"450\" width=\"1920\" alt=\"\" class=\"slider-27 slide-450 msDefaultImage\" \/><\/li>\n                <li style=\"display: none; width: 100%;\" class=\"slide-451 ms-image \" aria-roledescription=\"slide\" data-date=\"2019-04-02 15:57:59\" data-filename=\"IMG_20190124_1646385-2.jpg\" data-slide-type=\"image\"><img loading=\"lazy\" decoding=\"async\" src=\"https:\/\/www.mayrtec.at\/wp\/wp-content\/uploads\/IMG_20190124_1646385-2.jpg\" height=\"450\" width=\"1920\" alt=\"\" class=\"slider-27 slide-451 msDefaultImage\" \/><\/li>\n                <li style=\"display: none; width: 100%;\" class=\"slide-453 ms-image \" aria-roledescription=\"slide\" data-date=\"2019-04-02 15:58:00\" data-filename=\"SDC14534-1.jpg\" data-slide-type=\"image\"><img loading=\"lazy\" decoding=\"async\" src=\"https:\/\/www.mayrtec.at\/wp\/wp-content\/uploads\/SDC14534-1.jpg\" height=\"450\" width=\"1920\" alt=\"\" class=\"slider-27 slide-453 msDefaultImage\" \/><\/li>\n                <li style=\"display: none; width: 100%;\" class=\"slide-452 ms-image \" aria-roledescription=\"slide\" data-date=\"2019-04-02 15:57:59\" data-filename=\"IMG_20190322_1310022-2.jpg\" data-slide-type=\"image\"><img loading=\"lazy\" decoding=\"async\" src=\"https:\/\/www.mayrtec.at\/wp\/wp-content\/uploads\/IMG_20190322_1310022-2.jpg\" height=\"450\" width=\"1920\" alt=\"\" class=\"slider-27 slide-452 msDefaultImage\" \/><\/li>\n            <\/ul>\n        <\/div>\n        \n    <\/div>\n<\/div><\/div>\n\n\n<div><ss3-force-full-width data-overflow-x=\"body\" data-horizontal-selector=\"body\"><div class=\"n2-section-smartslider fitvidsignore \" data-ssid=\"49\"><div id=\"n2-ss-49-align\" class=\"n2-ss-align\"><div class=\"n2-padding\"><div id=\"n2-ss-49\" data-creator=\"Smart Slider 3\" data-responsive=\"fullwidth\" class=\"n2-ss-slider n2-ow n2-has-hover n2notransition  \">\n        <div class=\"n2-ss-slider-1 n2_ss__touch_element n2-ow\">\n            <div class=\"n2-ss-slider-2 n2-ow\">\n                                                <div class=\"n2-ss-slider-3 n2-ow\">\n\n                    <div class=\"n2-ss-slide-backgrounds n2-ow-all\"><div class=\"n2-ss-slide-background\" data-public-id=\"1\" data-mode=\"fill\"><div class=\"n2-ss-slide-background-image\" data-blur=\"0\" data-opacity=\"100\" data-x=\"50\" data-y=\"50\" data-alt=\"\" data-title=\"\"><picture class=\"skip-lazy\" data-skip-lazy=\"1\"><img decoding=\"async\" src=\"\/\/www.mayrtec.at\/wp\/wp-content\/uploads\/Mayrtec-G\u00fcnther-Mayr-Konstruktion-Feinmechanik-und-Fertigung-aus-Kallham-in-Ober\u00f6sterreich1.jpg\" alt=\"\" title=\"\" loading=\"lazy\" class=\"skip-lazy\" data-skip-lazy=\"1\"\/><\/picture><\/div><div data-color=\"RGBA(255,255,255,0)\" style=\"background-color: RGBA(255,255,255,0);\" class=\"n2-ss-slide-background-color\"><\/div><\/div><\/div>                    <div class=\"n2-ss-slider-4 n2-ow\">\n                        <svg xmlns=\"http:\/\/www.w3.org\/2000\/svg\" viewBox=\"0 0 2400 50\" data-related-device=\"desktopPortrait\" class=\"n2-ow n2-ss-preserve-size n2-ss-preserve-size--slider n2-ss-slide-limiter\"><\/svg><div data-first=\"1\" data-slide-duration=\"0\" data-id=\"87\" data-slide-public-id=\"1\" data-title=\"Mayrtec - G\u00fcnther Mayr - Konstruktion, Feinmechanik und Fertigung aus Kallham in Ober\u00f6sterreich1\" class=\"n2-ss-slide n2-ow  n2-ss-slide-87\"><div role=\"note\" class=\"n2-ss-slide--focus\" tabindex=\"-1\">Mayrtec &#8211; G\u00fcnther Mayr &#8211; Konstruktion, Feinmechanik und Fertigung aus Kallham in Ober\u00f6sterreich1<\/div><div class=\"n2-ss-layers-container n2-ss-slide-limiter n2-ow\"><div class=\"n2-ss-layer n2-ow n-uc-wDm6zCzMZ89C\" data-sstype=\"slide\" data-pm=\"default\"><div class=\"n2-ss-layer n2-ow n-uc-ZioNjTESHDuf\" data-pm=\"default\" data-sstype=\"content\" data-hasbackground=\"0\"><div class=\"n2-ss-section-main-content n2-ss-layer-with-background n2-ss-layer-content n2-ow n-uc-ZioNjTESHDuf-inner\"><div class=\"n2-ss-layer n2-ow n-uc-ENimxsv4BR35\" data-pm=\"normal\" data-sstype=\"layer\"><h1 id=\"n2-ss-49item1\" class=\"n2-font-60efbccade6215e5e068f26ddd8b3963-hover   n2-ss-item-content n2-ss-text n2-ow\" style=\"display:block;\">Shop<\/h1><\/div><\/div><\/div><\/div><\/div><\/div>                    <\/div>\n\n                                    <\/div>\n            <\/div>\n        <\/div>\n        <\/div><ss3-loader><\/ss3-loader><\/div><\/div><div class=\"n2_clear\"><\/div><\/div><\/ss3-force-full-width><\/div>\n\n<div class='conblock con-default  clearfix' style=''><div class='conblock-inner'>\n<h2>Our online shop<\/h2>\n<p>Attention &#8211; our online shop https:\/\/www.mayrtec.at\/shop\/ will be moved to <a href=\"https:\/\/www.rc-mayrtec.at.\">https:\/\/www.rc-mayrtec.at.<\/a><\/p>\n<div class='cols3 cols  nomargin  clearfix'>\n<div class='col colspan '>\n<p><a href=\"https:\/\/www.flymucki.at\/\"><img loading=\"lazy\" decoding=\"async\" class=\"alignnone wp-image-3046\" src=\"https:\/\/www.mayrtec.at\/wp\/wp-content\/uploads\/Flymucki_Mayrtec_v4.png\" alt=\"\" width=\"364\" height=\"150\" \/><\/a><\/p>\n<\/div>\n<div class='col colspan '>\n<p><a href=\"https:\/\/www.rc-mayrtec.at\/\"><img loading=\"lazy\" decoding=\"async\" class=\"alignnone wp-image-3044\" src=\"https:\/\/www.mayrtec.at\/wp\/wp-content\/uploads\/Logo_RC_Mayrtec_v4.png\" alt=\"\" width=\"317\" height=\"150\" \/><\/a><\/p>\n<\/div>\n<div class='col colspan last'>\n<\/div>\n<\/div>\n<\/div> <\/div>\n\n<div class=\"n2_clear\"><ss3-force-full-width data-overflow-x=\"body\" data-horizontal-selector=\"body\"><div class=\"n2-section-smartslider fitvidsignore  n2_clear\" data-ssid=\"93\" tabindex=\"0\" role=\"region\" aria-label=\"Slider\"><div id=\"n2-ss-93-align\" class=\"n2-ss-align\"><div class=\"n2-padding\"><div id=\"n2-ss-93\" data-creator=\"Smart Slider 3\" data-responsive=\"fullwidth\" class=\"n2-ss-slider n2-ow n2-has-hover n2notransition  \">\n        <div class=\"n2-ss-slider-1 n2_ss__touch_element n2-ow\">\n            <div class=\"n2-ss-slider-2 n2-ow\">\n                                                <div class=\"n2-ss-slider-3 n2-ow\">\n\n                    <div class=\"n2-ss-slide-backgrounds n2-ow-all\"><div class=\"n2-ss-slide-background\" data-public-id=\"1\" data-mode=\"fill\"><div data-gradient=\"horizontal\" data-color-start=\"RGBA(12,158,74,1)\" data-color-end=\"RGBA(12,158,74,1)\" style=\"background:linear-gradient(to right, RGBA(12,158,74,1) 0%,RGBA(12,158,74,1) 100%);\" class=\"n2-ss-slide-background-color\"><\/div><\/div><\/div>                    <div class=\"n2-ss-slider-4 n2-ow\">\n                        <svg xmlns=\"http:\/\/www.w3.org\/2000\/svg\" viewBox=\"0 0 2400 250\" data-related-device=\"desktopPortrait\" class=\"n2-ow n2-ss-preserve-size n2-ss-preserve-size--slider n2-ss-slide-limiter\"><\/svg><div data-first=\"1\" data-slide-duration=\"0\" data-id=\"155\" data-slide-public-id=\"1\" data-title=\"Slide\" class=\"n2-ss-slide n2-ow  n2-ss-slide-155\"><div role=\"note\" class=\"n2-ss-slide--focus\" tabindex=\"-1\">Slide<\/div><div class=\"n2-ss-layers-container n2-ss-slide-limiter n2-ow\"><div class=\"n2-ss-layer n2-ow n-uc-KJXfvwB32dUn\" data-sstype=\"slide\" data-pm=\"default\"><div class=\"n2-ss-layer n2-ow n-uc-RAzp8NNvN7hb\" data-pm=\"default\" data-sstype=\"content\" data-hasbackground=\"0\"><div class=\"n2-ss-section-main-content n2-ss-layer-with-background n2-ss-layer-content n2-ow n-uc-RAzp8NNvN7hb-inner\"><div class=\"n2-ss-layer n2-ow n2-ss-layer--block n2-ss-has-self-align n-uc-ftC5PHy1LdLN\" data-pm=\"normal\" data-sstype=\"row\"><div class=\"n2-ss-layer-row n2-ss-layer-with-background n-uc-ftC5PHy1LdLN-inner\"><div class=\"n2-ss-layer-row-inner \"><div class=\"n2-ss-layer n2-ow n-uc-H8Hxa6LyzSmK\" data-pm=\"default\" data-hidemobileportrait=\"1\" data-sstype=\"col\"><div class=\"n2-ss-layer-col n2-ss-layer-with-background n2-ss-layer-content n-uc-H8Hxa6LyzSmK-inner\"><div class=\"n2-ss-layer n2-ow n-uc-2qt7Xwm2GgnW\" data-pm=\"normal\" data-sstype=\"layer\"><div id=\"n2-ss-93item1\" class=\"n2-font-6a9798f02b6bc6607921038011ae0570-hover   n2-ss-item-content n2-ss-text n2-ow\" style=\"display:block;\">Do you have any questions?<\/div><\/div><div class=\"n2-ss-layer n2-ow n-uc-YDecrgXSyAuU\" data-pm=\"normal\" data-sstype=\"layer\"><h4 id=\"n2-ss-93item2\" class=\"n2-font-7e50e0cc573a96ebf54238a2a07b9123-hover   n2-ss-item-content n2-ss-text n2-ow\" style=\"display:block;\">Please contact us, and we will do our best to resolve all your questions!<\/h4><\/div><\/div><\/div><div class=\"n2-ss-layer n2-ow n-uc-G2yS6jqGTVb5\" data-pm=\"default\" data-sstype=\"col\"><div class=\"n2-ss-layer-col n2-ss-layer-with-background n2-ss-layer-content n-uc-G2yS6jqGTVb5-inner\"><div class=\"n2-ss-layer n2-ow n-uc-30egoRbmppsY n2-ss-layer--auto\" data-pm=\"normal\" data-sstype=\"layer\"><div class=\"n2-ss-button-container n2-ss-item-content n2-ow n2-font-fd03d34238c640bee779c3986e6fc5f4-link  n2-ss-nowrap n2-ss-button-container--non-full-width\"><a class=\"n2-style-709c7508b8da7b17d15363f4b1b16dff-heading  n2-ow \" href=\"mailto:&#x6f;&#x66;&#x66;&#x69;&#x63;&#x65;&#x40;&#x6d;&#x61;&#x79;&#x72;&#x74;&#x65;&#x63;&#x2e;&#x61;&#x74;\"><div><div>WRITE US!<\/div><\/div><\/a><\/div><\/div><\/div><\/div><\/div><\/div><\/div><\/div><\/div><\/div><\/div><\/div>                    <\/div>\n\n                                    <\/div>\n            <\/div>\n        <\/div>\n        <\/div><ss3-loader><\/ss3-loader><\/div><\/div><div class=\"n2_clear\"><\/div><\/div><\/ss3-force-full-width><\/div>\n\n<div><ss3-force-full-width data-overflow-x=\"body\" data-horizontal-selector=\"body\"><div class=\"n2-section-smartslider fitvidsignore \" data-ssid=\"56\" tabindex=\"0\" role=\"region\" aria-label=\"Slider\"><div id=\"n2-ss-56-align\" class=\"n2-ss-align\"><div class=\"n2-padding\"><div id=\"n2-ss-56\" data-creator=\"Smart Slider 3\" data-responsive=\"fullwidth\" class=\"n2-ss-slider n2-ow n2-has-hover n2notransition  \">\n        <div class=\"n2-ss-slider-1 n2-ow\">\n            <div class=\"n2-ss-slider-2 n2-ow\">\n                <div class=\"n2-ss-slide-backgrounds n2-ow-all\"><div class=\"n2-ss-slide-background\" data-public-id=\"1\" data-mode=\"fill\"><div class=\"n2-ss-slide-background-image\" data-blur=\"0\" data-opacity=\"90\" data-x=\"50\" data-y=\"50\" data-alt=\"Mayrtec - Ing. G\u00fcnther Mayr\" data-title=\"\" style=\"opacity:0.9\"><picture class=\"skip-lazy\" data-skip-lazy=\"1\"><img decoding=\"async\" src=\"\/\/www.mayrtec.at\/wp\/wp-content\/uploads\/Feinmechanik-2.jpg\" alt=\"Mayrtec - Ing. G\u00fcnther Mayr\" title=\"\" loading=\"lazy\" class=\"skip-lazy\" data-skip-lazy=\"1\"\/><\/picture><\/div><div data-color=\"RGBA(0,0,0,1)\" style=\"background-color: RGBA(0,0,0,1);\" class=\"n2-ss-slide-background-color\"><\/div><\/div><\/div>                <div class=\"n2-ss-slider-3 n2-ow\">\n                    <svg xmlns=\"http:\/\/www.w3.org\/2000\/svg\" viewBox=\"0 0 1000 600\" data-related-device=\"desktopPortrait\" class=\"n2-ow n2-ss-preserve-size n2-ss-preserve-size--slider n2-ss-slide-limiter\"><\/svg><div data-first=\"1\" data-slide-duration=\"0\" data-id=\"94\" data-slide-public-id=\"1\" data-title=\"Mayrtec - Ing. G\u00fcnther Mayr\" class=\"n2-ss-slide n2-ow  n2-ss-slide-94\"><div role=\"note\" class=\"n2-ss-slide--focus\" tabindex=\"-1\">Mayrtec &#8211; Ing. G\u00fcnther Mayr<\/div><div class=\"n2-ss-layers-container n2-ss-slide-limiter n2-ow\"><div class=\"n2-ss-layer n2-ow n-uc-bkQyEceSALJv\" data-sstype=\"slide\" data-pm=\"default\"><\/div><\/div><\/div>                <\/div>\n                            <\/div>\n        <\/div>\n        <\/div><ss3-loader><\/ss3-loader><\/div><\/div><div class=\"n2_clear\"><\/div><\/div><\/ss3-force-full-width><\/div><\/p>","protected":false},"excerpt":{"rendered":"","protected":false},"author":4,"featured_media":0,"parent":0,"menu_order":17,"comment_status":"closed","ping_status":"closed","template":"","meta":{"footnotes":""},"class_list":["post-3015","page","type-page","status-publish","hentry"],"yoast_head":"<!-- This site is optimized with the Yoast SEO plugin v27.4 - https:\/\/yoast.com\/product\/yoast-seo-wordpress\/ -->\n<title>Shop - Mayrtec Engineering - Ing. G\u00fcnther Mayr aus Ober\u00f6sterreich<\/title>\n<meta name=\"robots\" content=\"index, follow, max-snippet:-1, max-image-preview:large, max-video-preview:-1\" \/>\n<link rel=\"canonical\" href=\"https:\/\/www.mayrtec.at\/en\/shop\/\" \/>\n<meta property=\"og:locale\" content=\"en_US\" \/>\n<meta property=\"og:type\" content=\"article\" \/>\n<meta property=\"og:title\" content=\"Shop - Mayrtec Engineering - Ing. G\u00fcnther Mayr aus Ober\u00f6sterreich\" \/>\n<meta property=\"og:url\" content=\"https:\/\/www.mayrtec.at\/en\/shop\/\" \/>\n<meta property=\"og:site_name\" content=\"Mayrtec Engineering - Ing. G\u00fcnther Mayr aus Ober\u00f6sterreich\" \/>\n<meta property=\"article:modified_time\" content=\"2022-01-03T09:09:20+00:00\" \/>\n<meta property=\"og:image\" content=\"https:\/\/www.mayrtec.at\/wp\/wp-content\/uploads\/Flymucki_Mayrtec_v4.png\" \/>\n<meta name=\"twitter:card\" content=\"summary_large_image\" \/>\n<script type=\"application\/ld+json\" class=\"yoast-schema-graph\">{\"@context\":\"https:\\\/\\\/schema.org\",\"@graph\":[{\"@type\":\"WebPage\",\"@id\":\"https:\\\/\\\/www.mayrtec.at\\\/en\\\/shop\\\/\",\"url\":\"https:\\\/\\\/www.mayrtec.at\\\/en\\\/shop\\\/\",\"name\":\"Shop - Mayrtec Engineering - Ing. G\u00fcnther Mayr aus Ober\u00f6sterreich\",\"isPartOf\":{\"@id\":\"https:\\\/\\\/www.mayrtec.at\\\/#website\"},\"primaryImageOfPage\":{\"@id\":\"https:\\\/\\\/www.mayrtec.at\\\/en\\\/shop\\\/#primaryimage\"},\"image\":{\"@id\":\"https:\\\/\\\/www.mayrtec.at\\\/en\\\/shop\\\/#primaryimage\"},\"thumbnailUrl\":\"https:\\\/\\\/www.mayrtec.at\\\/wp\\\/wp-content\\\/uploads\\\/Flymucki_Mayrtec_v4.png\",\"datePublished\":\"2021-12-03T08:24:54+00:00\",\"dateModified\":\"2022-01-03T09:09:20+00:00\",\"breadcrumb\":{\"@id\":\"https:\\\/\\\/www.mayrtec.at\\\/en\\\/shop\\\/#breadcrumb\"},\"inLanguage\":\"en-US\",\"potentialAction\":[{\"@type\":\"ReadAction\",\"target\":[\"https:\\\/\\\/www.mayrtec.at\\\/en\\\/shop\\\/\"]}]},{\"@type\":\"ImageObject\",\"inLanguage\":\"en-US\",\"@id\":\"https:\\\/\\\/www.mayrtec.at\\\/en\\\/shop\\\/#primaryimage\",\"url\":\"https:\\\/\\\/www.mayrtec.at\\\/wp\\\/wp-content\\\/uploads\\\/Flymucki_Mayrtec_v4.png\",\"contentUrl\":\"https:\\\/\\\/www.mayrtec.at\\\/wp\\\/wp-content\\\/uploads\\\/Flymucki_Mayrtec_v4.png\"},{\"@type\":\"BreadcrumbList\",\"@id\":\"https:\\\/\\\/www.mayrtec.at\\\/en\\\/shop\\\/#breadcrumb\",\"itemListElement\":[{\"@type\":\"ListItem\",\"position\":1,\"name\":\"Startseite\",\"item\":\"https:\\\/\\\/www.mayrtec.at\\\/en\\\/\"},{\"@type\":\"ListItem\",\"position\":2,\"name\":\"Shop\"}]},{\"@type\":\"WebSite\",\"@id\":\"https:\\\/\\\/www.mayrtec.at\\\/#website\",\"url\":\"https:\\\/\\\/www.mayrtec.at\\\/\",\"name\":\"Mayrtec Engineering - Ing. G\u00fcnther Mayr aus Ober\u00f6sterreich\",\"description\":\"Mayrtec Engineering -  Ing. G\u00fcnther Mayr aus Ober\u00f6sterreich steht f\u00fcr Sonderl\u00f6sungen im Maschinenbau und Mechatronik, sowie f\u00fcr Spezialprodukte im RC Bereich...\",\"potentialAction\":[{\"@type\":\"SearchAction\",\"target\":{\"@type\":\"EntryPoint\",\"urlTemplate\":\"https:\\\/\\\/www.mayrtec.at\\\/?s={search_term_string}\"},\"query-input\":{\"@type\":\"PropertyValueSpecification\",\"valueRequired\":true,\"valueName\":\"search_term_string\"}}],\"inLanguage\":\"en-US\"}]}<\/script>\n<!-- \/ Yoast SEO plugin. -->","yoast_head_json":{"title":"Shop - Mayrtec Engineering - Ing. G\u00fcnther Mayr aus Ober\u00f6sterreich","robots":{"index":"index","follow":"follow","max-snippet":"max-snippet:-1","max-image-preview":"max-image-preview:large","max-video-preview":"max-video-preview:-1"},"canonical":"https:\/\/www.mayrtec.at\/en\/shop\/","og_locale":"en_US","og_type":"article","og_title":"Shop - Mayrtec Engineering - Ing. G\u00fcnther Mayr aus Ober\u00f6sterreich","og_url":"https:\/\/www.mayrtec.at\/en\/shop\/","og_site_name":"Mayrtec Engineering - Ing. G\u00fcnther Mayr aus Ober\u00f6sterreich","article_modified_time":"2022-01-03T09:09:20+00:00","og_image":[{"url":"https:\/\/www.mayrtec.at\/wp\/wp-content\/uploads\/Flymucki_Mayrtec_v4.png","type":"","width":"","height":""}],"twitter_card":"summary_large_image","schema":{"@context":"https:\/\/schema.org","@graph":[{"@type":"WebPage","@id":"https:\/\/www.mayrtec.at\/en\/shop\/","url":"https:\/\/www.mayrtec.at\/en\/shop\/","name":"Shop - Mayrtec Engineering - Ing. G\u00fcnther Mayr aus Ober\u00f6sterreich","isPartOf":{"@id":"https:\/\/www.mayrtec.at\/#website"},"primaryImageOfPage":{"@id":"https:\/\/www.mayrtec.at\/en\/shop\/#primaryimage"},"image":{"@id":"https:\/\/www.mayrtec.at\/en\/shop\/#primaryimage"},"thumbnailUrl":"https:\/\/www.mayrtec.at\/wp\/wp-content\/uploads\/Flymucki_Mayrtec_v4.png","datePublished":"2021-12-03T08:24:54+00:00","dateModified":"2022-01-03T09:09:20+00:00","breadcrumb":{"@id":"https:\/\/www.mayrtec.at\/en\/shop\/#breadcrumb"},"inLanguage":"en-US","potentialAction":[{"@type":"ReadAction","target":["https:\/\/www.mayrtec.at\/en\/shop\/"]}]},{"@type":"ImageObject","inLanguage":"en-US","@id":"https:\/\/www.mayrtec.at\/en\/shop\/#primaryimage","url":"https:\/\/www.mayrtec.at\/wp\/wp-content\/uploads\/Flymucki_Mayrtec_v4.png","contentUrl":"https:\/\/www.mayrtec.at\/wp\/wp-content\/uploads\/Flymucki_Mayrtec_v4.png"},{"@type":"BreadcrumbList","@id":"https:\/\/www.mayrtec.at\/en\/shop\/#breadcrumb","itemListElement":[{"@type":"ListItem","position":1,"name":"Startseite","item":"https:\/\/www.mayrtec.at\/en\/"},{"@type":"ListItem","position":2,"name":"Shop"}]},{"@type":"WebSite","@id":"https:\/\/www.mayrtec.at\/#website","url":"https:\/\/www.mayrtec.at\/","name":"Mayrtec Engineering - Ing. G\u00fcnther Mayr aus Ober\u00f6sterreich","description":"Mayrtec Engineering -  Ing. G\u00fcnther Mayr aus Ober\u00f6sterreich steht f\u00fcr Sonderl\u00f6sungen im Maschinenbau und Mechatronik, sowie f\u00fcr Spezialprodukte im RC Bereich...","potentialAction":[{"@type":"SearchAction","target":{"@type":"EntryPoint","urlTemplate":"https:\/\/www.mayrtec.at\/?s={search_term_string}"},"query-input":{"@type":"PropertyValueSpecification","valueRequired":true,"valueName":"search_term_string"}}],"inLanguage":"en-US"}]}},"_links":{"self":[{"href":"https:\/\/www.mayrtec.at\/en\/wp-json\/wp\/v2\/pages\/3015","targetHints":{"allow":["GET"]}}],"collection":[{"href":"https:\/\/www.mayrtec.at\/en\/wp-json\/wp\/v2\/pages"}],"about":[{"href":"https:\/\/www.mayrtec.at\/en\/wp-json\/wp\/v2\/types\/page"}],"author":[{"embeddable":true,"href":"https:\/\/www.mayrtec.at\/en\/wp-json\/wp\/v2\/users\/4"}],"replies":[{"embeddable":true,"href":"https:\/\/www.mayrtec.at\/en\/wp-json\/wp\/v2\/comments?post=3015"}],"version-history":[{"count":9,"href":"https:\/\/www.mayrtec.at\/en\/wp-json\/wp\/v2\/pages\/3015\/revisions"}],"predecessor-version":[{"id":3049,"href":"https:\/\/www.mayrtec.at\/en\/wp-json\/wp\/v2\/pages\/3015\/revisions\/3049"}],"wp:attachment":[{"href":"https:\/\/www.mayrtec.at\/en\/wp-json\/wp\/v2\/media?parent=3015"}],"curies":[{"name":"wp","href":"https:\/\/api.w.org\/{rel}","templated":true}]}}