












{"id":734,"date":"2019-04-29T11:06:23","date_gmt":"2019-04-29T09:06:23","guid":{"rendered":"https:\/\/mayrtec-at.kds1.rundrweb.com\/wp\/?page_id=734"},"modified":"2022-06-13T13:55:40","modified_gmt":"2022-06-13T11:55:40","slug":"legal-notice","status":"publish","type":"page","link":"https:\/\/www.mayrtec.at\/en\/contact\/legal-notice\/","title":{"rendered":"Legal Notice"},"content":{"rendered":"<div class=\"alignnormal\"><div id=\"metaslider-id-27\" style=\"width: 100%;\" class=\"ml-slider-3-108-0 metaslider metaslider-flex metaslider-27 ml-slider ms-theme-default nav-hidden\" role=\"region\" aria-label=\"Unterseiten Slider\" data-height=\"450\" data-width=\"1920\">\n    <div id=\"metaslider_container_27\">\n        <div id=\"metaslider_27\">\n            <ul class='slides'>\n                <li style=\"display: block; width: 100%;\" class=\"slide-450 ms-image \" aria-roledescription=\"slide\" data-date=\"2019-04-02 15:57:59\" data-filename=\"Feinmechanik-3.jpg\" data-slide-type=\"image\"><img loading=\"lazy\" decoding=\"async\" src=\"https:\/\/www.mayrtec.at\/wp\/wp-content\/uploads\/Feinmechanik-3.jpg\" height=\"450\" width=\"1920\" alt=\"\" class=\"slider-27 slide-450 msDefaultImage\" \/><\/li>\n                <li style=\"display: none; width: 100%;\" class=\"slide-453 ms-image \" aria-roledescription=\"slide\" data-date=\"2019-04-02 15:58:00\" data-filename=\"SDC14534-1.jpg\" data-slide-type=\"image\"><img loading=\"lazy\" decoding=\"async\" src=\"https:\/\/www.mayrtec.at\/wp\/wp-content\/uploads\/SDC14534-1.jpg\" height=\"450\" width=\"1920\" alt=\"\" class=\"slider-27 slide-453 msDefaultImage\" \/><\/li>\n                <li style=\"display: none; width: 100%;\" class=\"slide-451 ms-image \" aria-roledescription=\"slide\" data-date=\"2019-04-02 15:57:59\" data-filename=\"IMG_20190124_1646385-2.jpg\" data-slide-type=\"image\"><img loading=\"lazy\" decoding=\"async\" src=\"https:\/\/www.mayrtec.at\/wp\/wp-content\/uploads\/IMG_20190124_1646385-2.jpg\" height=\"450\" width=\"1920\" alt=\"\" class=\"slider-27 slide-451 msDefaultImage\" \/><\/li>\n                <li style=\"display: none; width: 100%;\" class=\"slide-452 ms-image \" aria-roledescription=\"slide\" data-date=\"2019-04-02 15:57:59\" data-filename=\"IMG_20190322_1310022-2.jpg\" data-slide-type=\"image\"><img loading=\"lazy\" decoding=\"async\" src=\"https:\/\/www.mayrtec.at\/wp\/wp-content\/uploads\/IMG_20190322_1310022-2.jpg\" height=\"450\" width=\"1920\" alt=\"\" class=\"slider-27 slide-452 msDefaultImage\" \/><\/li>\n            <\/ul>\n        <\/div>\n        \n    <\/div>\n<\/div><\/div>\n\n\n<div><ss3-force-full-width data-overflow-x=\"body\" data-horizontal-selector=\"body\"><div class=\"n2-section-smartslider fitvidsignore \" data-ssid=\"63\" tabindex=\"0\" role=\"region\" aria-label=\"Slider\"><div id=\"n2-ss-63-align\" class=\"n2-ss-align\"><div class=\"n2-padding\"><div id=\"n2-ss-63\" data-creator=\"Smart Slider 3\" data-responsive=\"fullwidth\" class=\"n2-ss-slider n2-ow n2-has-hover n2notransition  \">\n        <div class=\"n2-ss-slider-1 n2_ss__touch_element n2-ow\">\n            <div class=\"n2-ss-slider-2 n2-ow\">\n                                                <div class=\"n2-ss-slider-3 n2-ow\">\n\n                    <div class=\"n2-ss-slide-backgrounds n2-ow-all\"><div class=\"n2-ss-slide-background\" data-public-id=\"1\" data-mode=\"fill\"><div class=\"n2-ss-slide-background-image\" data-blur=\"0\" data-opacity=\"100\" data-x=\"50\" data-y=\"50\" data-alt=\"\" data-title=\"\"><picture class=\"skip-lazy\" data-skip-lazy=\"1\"><img decoding=\"async\" src=\"\/\/www.mayrtec.at\/wp\/wp-content\/uploads\/Mayrtec-G\u00fcnther-Mayr-Konstruktion-Feinmechanik-und-Fertigung-aus-Kallham-in-Ober\u00f6sterreich1.jpg\" alt=\"\" title=\"\" loading=\"lazy\" class=\"skip-lazy\" data-skip-lazy=\"1\"\/><\/picture><\/div><div data-color=\"RGBA(255,255,255,0)\" style=\"background-color: RGBA(255,255,255,0);\" class=\"n2-ss-slide-background-color\"><\/div><\/div><\/div>                    <div class=\"n2-ss-slider-4 n2-ow\">\n                        <svg xmlns=\"http:\/\/www.w3.org\/2000\/svg\" viewBox=\"0 0 2400 50\" data-related-device=\"desktopPortrait\" class=\"n2-ow n2-ss-preserve-size n2-ss-preserve-size--slider n2-ss-slide-limiter\"><\/svg><div data-first=\"1\" data-slide-duration=\"0\" data-id=\"111\" data-slide-public-id=\"1\" data-title=\"Mayrtec - G\u00fcnther Mayr - Konstruktion, Feinmechanik und Fertigung aus Kallham in Ober\u00f6sterreich1\" class=\"n2-ss-slide n2-ow  n2-ss-slide-111\"><div role=\"note\" class=\"n2-ss-slide--focus\" tabindex=\"-1\">Mayrtec &#8211; G\u00fcnther Mayr &#8211; Konstruktion, Feinmechanik und Fertigung aus Kallham in Ober\u00f6sterreich1<\/div><div class=\"n2-ss-layers-container n2-ss-slide-limiter n2-ow\"><div class=\"n2-ss-layer n2-ow n-uc-AfbGKP695aFL\" data-sstype=\"slide\" data-pm=\"default\"><div class=\"n2-ss-layer n2-ow n-uc-vkUCOHTwppWr\" data-pm=\"default\" data-sstype=\"content\" data-hasbackground=\"0\"><div class=\"n2-ss-section-main-content n2-ss-layer-with-background n2-ss-layer-content n2-ow n-uc-vkUCOHTwppWr-inner\"><div class=\"n2-ss-layer n2-ow n-uc-bv4NioGqilJJ\" data-pm=\"normal\" data-sstype=\"layer\"><h1 id=\"n2-ss-63item1\" class=\"n2-font-60efbccade6215e5e068f26ddd8b3963-hover   n2-ss-item-content n2-ss-text n2-ow\" style=\"display:block;\">Legal Notice<\/h1><\/div><\/div><\/div><\/div><\/div><\/div>                    <\/div>\n\n                                    <\/div>\n            <\/div>\n        <\/div>\n        <\/div><ss3-loader><\/ss3-loader><\/div><\/div><div class=\"n2_clear\"><\/div><\/div><\/ss3-force-full-width><\/div>\n\n<div class='conblock con-default  clearfix' style=''><div class='conblock-inner'>\n<div class='cols2 cols  nomargin  clearfix'>\n<div class='col colspan '>\n<h2>Mayrtec &#8211; Ing. G\u00fcnther Mayr<\/h2>\n<p>Itzling 25<br \/>A-4720 Kallham<br \/>Telephone: +43 660 5502591 <br \/>E-Mail:\u00a0<a href=\"mailto:off%69ce%40m%61yr%74e%63%2Eat\">&#x6f;&#x66;&#x66;&#x69;&#x63;&#x65;&#x40;<span class=\"oe_displaynone\">null<\/span>&#x6d;&#x61;&#x79;&#x72;&#x74;&#x65;&#x63;&#x2e;&#x61;&#x74;<\/a><\/p>\n<h3>Company Information<\/h3>\n<p>Managing Director: Ing. G\u00fcnther Mayr<br \/>Tax Identification Number: ATU67484778<br \/>GLN (public administration): 9110013531369<br \/>Description of Company Activities: Mechatronik<br \/>Jurisdiction: Regional Court Wels<br \/>Local Authority: Administrative District Grieskirchen<br \/>Professional Association Membership: Chamber of Commerce Upper Austria<\/p>\n<p><a href=\"https:\/\/firmen.wko.at\/Web\/DetailsKontakt.aspx?FirmaID=a9db100c-9d67-489e-a499-e2b0c52bd8ac\" target=\"_blank\" rel=\"noopener noreferrer\"><img loading=\"lazy\" decoding=\"async\" class=\"alignnone wp-image-85 size-full\" src=\"https:\/\/schaumrolle-at.kds1.rundrweb.com\/naschmax\/wp-content\/uploads\/WKO.gif\" alt=\"\" width=\"169\" height=\"23\" \/><\/a><\/p>\n<h3>All rights reserved<\/h3>\n<p>The texts images, graphics, logos etc. provided on this website may not be changed or copied for commercial purposes. We also reserve the right to update or change the information on this website at any time without prior notice.<\/p>\n<p>Photo sources: Mayrtec &#8211; Ing. G\u00fcnther Mayr, www.istockphoto.com<\/p>\n<h3>Terms of Service<\/h3>\n<p><a class=\"button\" href=\"https:\/\/www.wko.at\/branchen\/gewerbe-handwerk\/mechatroniker\/allgemeine-geschaeftsbedingungen-fuer-mechatroniker.html\" target=\"_blank\" rel=\"noopener noreferrer\">Link zu den AGB\u00b4s (WKO)<\/a><\/p>\n<\/div>\n<div class='col colspan last'>\n<h2>Website Design<\/h2>\n<p><a href=\"http:\/\/www.rundrweb.com\/\">R&amp;R Web GmbH<\/a>, Functional Homepages<\/p>\n<h3>E-Mails<\/h3>\n<p>Im Einklang mit dem E-Commerce-Gesetz (ECG) machen wir darauf aufmerksam, dass an uns gesendete E-Mails nur zu den \u00fcblichen Gesch\u00e4fts\u00f6ffnungszeiten abgerufen und dann gegebenenfalls beantwortet werden.<\/p>\n<h3>Liability Notice<\/h3>\n<p>Despite careful content control, we assume no liability for the content of external links. The content of the linked pages is the sole responsibility of their operators.<\/p>\n<p>The company Mayrtec &#8211; Ing. G\u00fcnther Mayr disclaims all liability for any direct, tangible or consequential damages or any other damages whatsoever arising out of any reason whatsoever in connection with the indirect or direct use of the information provided on the website.<\/p>\n<h3>No Guarantees<\/h3>\n<p>The website has been compiled with great care, but Mayrtec &#8211; Ing. G\u00fcnther Mayr cannot guarantee accuracy, timeliness, and completeness.<\/p>\n<h3>Online-Shop<\/h3>\n<p><span class=\"tlid-translation translation\" lang=\"en\"><span title=\"\">all prices incl.<\/span> <span class=\"\" title=\"\">20% VAT and excl. Shipping costs<\/span><\/span><\/p>\n<\/div>\n<\/div>\n<\/div> <\/div>\n\n<div class=\"n2_clear\"><ss3-force-full-width data-overflow-x=\"body\" data-horizontal-selector=\"body\"><div class=\"n2-section-smartslider fitvidsignore  n2_clear\" data-ssid=\"93\" tabindex=\"0\" role=\"region\" aria-label=\"Slider\"><div id=\"n2-ss-93-align\" class=\"n2-ss-align\"><div class=\"n2-padding\"><div id=\"n2-ss-93\" data-creator=\"Smart Slider 3\" data-responsive=\"fullwidth\" class=\"n2-ss-slider n2-ow n2-has-hover n2notransition  \">\n        <div class=\"n2-ss-slider-1 n2_ss__touch_element n2-ow\">\n            <div class=\"n2-ss-slider-2 n2-ow\">\n                                                <div class=\"n2-ss-slider-3 n2-ow\">\n\n                    <div class=\"n2-ss-slide-backgrounds n2-ow-all\"><div class=\"n2-ss-slide-background\" data-public-id=\"1\" data-mode=\"fill\"><div data-gradient=\"horizontal\" data-color-start=\"RGBA(12,158,74,1)\" data-color-end=\"RGBA(12,158,74,1)\" style=\"background:linear-gradient(to right, RGBA(12,158,74,1) 0%,RGBA(12,158,74,1) 100%);\" class=\"n2-ss-slide-background-color\"><\/div><\/div><\/div>                    <div class=\"n2-ss-slider-4 n2-ow\">\n                        <svg xmlns=\"http:\/\/www.w3.org\/2000\/svg\" viewBox=\"0 0 2400 250\" data-related-device=\"desktopPortrait\" class=\"n2-ow n2-ss-preserve-size n2-ss-preserve-size--slider n2-ss-slide-limiter\"><\/svg><div data-first=\"1\" data-slide-duration=\"0\" data-id=\"155\" data-slide-public-id=\"1\" data-title=\"Slide\" class=\"n2-ss-slide n2-ow  n2-ss-slide-155\"><div role=\"note\" class=\"n2-ss-slide--focus\" tabindex=\"-1\">Slide<\/div><div class=\"n2-ss-layers-container n2-ss-slide-limiter n2-ow\"><div class=\"n2-ss-layer n2-ow n-uc-KJXfvwB32dUn\" data-sstype=\"slide\" data-pm=\"default\"><div class=\"n2-ss-layer n2-ow n-uc-RAzp8NNvN7hb\" data-pm=\"default\" data-sstype=\"content\" data-hasbackground=\"0\"><div class=\"n2-ss-section-main-content n2-ss-layer-with-background n2-ss-layer-content n2-ow n-uc-RAzp8NNvN7hb-inner\"><div class=\"n2-ss-layer n2-ow n2-ss-layer--block n2-ss-has-self-align n-uc-ftC5PHy1LdLN\" data-pm=\"normal\" data-sstype=\"row\"><div class=\"n2-ss-layer-row n2-ss-layer-with-background n-uc-ftC5PHy1LdLN-inner\"><div class=\"n2-ss-layer-row-inner \"><div class=\"n2-ss-layer n2-ow n-uc-H8Hxa6LyzSmK\" data-pm=\"default\" data-hidemobileportrait=\"1\" data-sstype=\"col\"><div class=\"n2-ss-layer-col n2-ss-layer-with-background n2-ss-layer-content n-uc-H8Hxa6LyzSmK-inner\"><div class=\"n2-ss-layer n2-ow n-uc-2qt7Xwm2GgnW\" data-pm=\"normal\" data-sstype=\"layer\"><div id=\"n2-ss-93item1\" class=\"n2-font-6a9798f02b6bc6607921038011ae0570-hover   n2-ss-item-content n2-ss-text n2-ow\" style=\"display:block;\">Do you have any questions?<\/div><\/div><div class=\"n2-ss-layer n2-ow n-uc-YDecrgXSyAuU\" data-pm=\"normal\" data-sstype=\"layer\"><h4 id=\"n2-ss-93item2\" class=\"n2-font-7e50e0cc573a96ebf54238a2a07b9123-hover   n2-ss-item-content n2-ss-text n2-ow\" style=\"display:block;\">Please contact us, and we will do our best to resolve all your questions!<\/h4><\/div><\/div><\/div><div class=\"n2-ss-layer n2-ow n-uc-G2yS6jqGTVb5\" data-pm=\"default\" data-sstype=\"col\"><div class=\"n2-ss-layer-col n2-ss-layer-with-background n2-ss-layer-content n-uc-G2yS6jqGTVb5-inner\"><div class=\"n2-ss-layer n2-ow n-uc-30egoRbmppsY n2-ss-layer--auto\" data-pm=\"normal\" data-sstype=\"layer\"><div class=\"n2-ss-button-container n2-ss-item-content n2-ow n2-font-fd03d34238c640bee779c3986e6fc5f4-link  n2-ss-nowrap n2-ss-button-container--non-full-width\"><a class=\"n2-style-709c7508b8da7b17d15363f4b1b16dff-heading  n2-ow \" href=\"mailto:&#x6f;&#x66;&#x66;&#x69;&#x63;&#x65;&#x40;&#x6d;&#x61;&#x79;&#x72;&#x74;&#x65;&#x63;&#x2e;&#x61;&#x74;\"><div><div>WRITE US!<\/div><\/div><\/a><\/div><\/div><\/div><\/div><\/div><\/div><\/div><\/div><\/div><\/div><\/div><\/div>                    <\/div>\n\n                                    <\/div>\n            <\/div>\n        <\/div>\n        <\/div><ss3-loader><\/ss3-loader><\/div><\/div><div class=\"n2_clear\"><\/div><\/div><\/ss3-force-full-width><\/div>\n\n<div><ss3-force-full-width data-overflow-x=\"body\" data-horizontal-selector=\"body\"><div class=\"n2-section-smartslider fitvidsignore \" data-ssid=\"56\" tabindex=\"0\" role=\"region\" aria-label=\"Slider\"><div id=\"n2-ss-56-align\" class=\"n2-ss-align\"><div class=\"n2-padding\"><div id=\"n2-ss-56\" data-creator=\"Smart Slider 3\" data-responsive=\"fullwidth\" class=\"n2-ss-slider n2-ow n2-has-hover n2notransition  \">\n        <div class=\"n2-ss-slider-1 n2-ow\">\n            <div class=\"n2-ss-slider-2 n2-ow\">\n                <div class=\"n2-ss-slide-backgrounds n2-ow-all\"><div class=\"n2-ss-slide-background\" data-public-id=\"1\" data-mode=\"fill\"><div class=\"n2-ss-slide-background-image\" data-blur=\"0\" data-opacity=\"90\" data-x=\"50\" data-y=\"50\" data-alt=\"Mayrtec - Ing. G\u00fcnther Mayr\" data-title=\"\" style=\"opacity:0.9\"><picture class=\"skip-lazy\" data-skip-lazy=\"1\"><img decoding=\"async\" src=\"\/\/www.mayrtec.at\/wp\/wp-content\/uploads\/Feinmechanik-2.jpg\" alt=\"Mayrtec - Ing. G\u00fcnther Mayr\" title=\"\" loading=\"lazy\" class=\"skip-lazy\" data-skip-lazy=\"1\"\/><\/picture><\/div><div data-color=\"RGBA(0,0,0,1)\" style=\"background-color: RGBA(0,0,0,1);\" class=\"n2-ss-slide-background-color\"><\/div><\/div><\/div>                <div class=\"n2-ss-slider-3 n2-ow\">\n                    <svg xmlns=\"http:\/\/www.w3.org\/2000\/svg\" viewBox=\"0 0 1000 600\" data-related-device=\"desktopPortrait\" class=\"n2-ow n2-ss-preserve-size n2-ss-preserve-size--slider n2-ss-slide-limiter\"><\/svg><div data-first=\"1\" data-slide-duration=\"0\" data-id=\"94\" data-slide-public-id=\"1\" data-title=\"Mayrtec - Ing. G\u00fcnther Mayr\" class=\"n2-ss-slide n2-ow  n2-ss-slide-94\"><div role=\"note\" class=\"n2-ss-slide--focus\" tabindex=\"-1\">Mayrtec &#8211; Ing. G\u00fcnther Mayr<\/div><div class=\"n2-ss-layers-container n2-ss-slide-limiter n2-ow\"><div class=\"n2-ss-layer n2-ow n-uc-bkQyEceSALJv\" data-sstype=\"slide\" data-pm=\"default\"><\/div><\/div><\/div>                <\/div>\n                            <\/div>\n        <\/div>\n        <\/div><ss3-loader><\/ss3-loader><\/div><\/div><div class=\"n2_clear\"><\/div><\/div><\/ss3-force-full-width><\/div><\/p>","protected":false},"excerpt":{"rendered":"","protected":false},"author":4,"featured_media":0,"parent":741,"menu_order":28,"comment_status":"closed","ping_status":"closed","template":"","meta":{"footnotes":""},"class_list":["post-734","page","type-page","status-publish","hentry"],"yoast_head":"<!-- This site is optimized with the Yoast SEO plugin v27.4 - https:\/\/yoast.com\/product\/yoast-seo-wordpress\/ -->\n<title>Legal Notice - Mayrtec Engineering - Ing. G\u00fcnther Mayr aus Ober\u00f6sterreich<\/title>\n<meta name=\"robots\" content=\"index, follow, max-snippet:-1, max-image-preview:large, max-video-preview:-1\" \/>\n<link rel=\"canonical\" href=\"https:\/\/www.mayrtec.at\/en\/contact\/legal-notice\/\" \/>\n<meta property=\"og:locale\" content=\"en_US\" \/>\n<meta property=\"og:type\" content=\"article\" \/>\n<meta property=\"og:title\" content=\"Legal Notice - Mayrtec Engineering - Ing. G\u00fcnther Mayr aus Ober\u00f6sterreich\" \/>\n<meta property=\"og:url\" content=\"https:\/\/www.mayrtec.at\/en\/contact\/legal-notice\/\" \/>\n<meta property=\"og:site_name\" content=\"Mayrtec Engineering - Ing. G\u00fcnther Mayr aus Ober\u00f6sterreich\" \/>\n<meta property=\"article:modified_time\" content=\"2022-06-13T11:55:40+00:00\" \/>\n<meta property=\"og:image\" content=\"https:\/\/schaumrolle-at.kds1.rundrweb.com\/naschmax\/wp-content\/uploads\/WKO.gif\" \/>\n<meta name=\"twitter:card\" content=\"summary_large_image\" \/>\n<meta name=\"twitter:label1\" content=\"Est. reading time\" \/>\n\t<meta name=\"twitter:data1\" content=\"2 minutes\" \/>\n<script type=\"application\/ld+json\" class=\"yoast-schema-graph\">{\"@context\":\"https:\\\/\\\/schema.org\",\"@graph\":[{\"@type\":\"WebPage\",\"@id\":\"https:\\\/\\\/www.mayrtec.at\\\/en\\\/contact\\\/legal-notice\\\/\",\"url\":\"https:\\\/\\\/www.mayrtec.at\\\/en\\\/contact\\\/legal-notice\\\/\",\"name\":\"Legal Notice - Mayrtec Engineering - Ing. G\u00fcnther Mayr aus Ober\u00f6sterreich\",\"isPartOf\":{\"@id\":\"https:\\\/\\\/www.mayrtec.at\\\/#website\"},\"primaryImageOfPage\":{\"@id\":\"https:\\\/\\\/www.mayrtec.at\\\/en\\\/contact\\\/legal-notice\\\/#primaryimage\"},\"image\":{\"@id\":\"https:\\\/\\\/www.mayrtec.at\\\/en\\\/contact\\\/legal-notice\\\/#primaryimage\"},\"thumbnailUrl\":\"https:\\\/\\\/schaumrolle-at.kds1.rundrweb.com\\\/naschmax\\\/wp-content\\\/uploads\\\/WKO.gif\",\"datePublished\":\"2019-04-29T09:06:23+00:00\",\"dateModified\":\"2022-06-13T11:55:40+00:00\",\"breadcrumb\":{\"@id\":\"https:\\\/\\\/www.mayrtec.at\\\/en\\\/contact\\\/legal-notice\\\/#breadcrumb\"},\"inLanguage\":\"en-US\",\"potentialAction\":[{\"@type\":\"ReadAction\",\"target\":[\"https:\\\/\\\/www.mayrtec.at\\\/en\\\/contact\\\/legal-notice\\\/\"]}]},{\"@type\":\"ImageObject\",\"inLanguage\":\"en-US\",\"@id\":\"https:\\\/\\\/www.mayrtec.at\\\/en\\\/contact\\\/legal-notice\\\/#primaryimage\",\"url\":\"https:\\\/\\\/schaumrolle-at.kds1.rundrweb.com\\\/naschmax\\\/wp-content\\\/uploads\\\/WKO.gif\",\"contentUrl\":\"https:\\\/\\\/schaumrolle-at.kds1.rundrweb.com\\\/naschmax\\\/wp-content\\\/uploads\\\/WKO.gif\"},{\"@type\":\"BreadcrumbList\",\"@id\":\"https:\\\/\\\/www.mayrtec.at\\\/en\\\/contact\\\/legal-notice\\\/#breadcrumb\",\"itemListElement\":[{\"@type\":\"ListItem\",\"position\":1,\"name\":\"Startseite\",\"item\":\"https:\\\/\\\/www.mayrtec.at\\\/en\\\/\"},{\"@type\":\"ListItem\",\"position\":2,\"name\":\"Contact\",\"item\":\"https:\\\/\\\/www.mayrtec.at\\\/en\\\/contact\\\/\"},{\"@type\":\"ListItem\",\"position\":3,\"name\":\"Legal Notice\"}]},{\"@type\":\"WebSite\",\"@id\":\"https:\\\/\\\/www.mayrtec.at\\\/#website\",\"url\":\"https:\\\/\\\/www.mayrtec.at\\\/\",\"name\":\"Mayrtec Engineering - Ing. G\u00fcnther Mayr aus Ober\u00f6sterreich\",\"description\":\"Mayrtec Engineering -  Ing. G\u00fcnther Mayr aus Ober\u00f6sterreich steht f\u00fcr Sonderl\u00f6sungen im Maschinenbau und Mechatronik, sowie f\u00fcr Spezialprodukte im RC Bereich...\",\"potentialAction\":[{\"@type\":\"SearchAction\",\"target\":{\"@type\":\"EntryPoint\",\"urlTemplate\":\"https:\\\/\\\/www.mayrtec.at\\\/?s={search_term_string}\"},\"query-input\":{\"@type\":\"PropertyValueSpecification\",\"valueRequired\":true,\"valueName\":\"search_term_string\"}}],\"inLanguage\":\"en-US\"}]}<\/script>\n<!-- \/ Yoast SEO plugin. -->","yoast_head_json":{"title":"Legal Notice - Mayrtec Engineering - Ing. G\u00fcnther Mayr aus Ober\u00f6sterreich","robots":{"index":"index","follow":"follow","max-snippet":"max-snippet:-1","max-image-preview":"max-image-preview:large","max-video-preview":"max-video-preview:-1"},"canonical":"https:\/\/www.mayrtec.at\/en\/contact\/legal-notice\/","og_locale":"en_US","og_type":"article","og_title":"Legal Notice - Mayrtec Engineering - Ing. G\u00fcnther Mayr aus Ober\u00f6sterreich","og_url":"https:\/\/www.mayrtec.at\/en\/contact\/legal-notice\/","og_site_name":"Mayrtec Engineering - Ing. G\u00fcnther Mayr aus Ober\u00f6sterreich","article_modified_time":"2022-06-13T11:55:40+00:00","og_image":[{"url":"https:\/\/schaumrolle-at.kds1.rundrweb.com\/naschmax\/wp-content\/uploads\/WKO.gif","type":"","width":"","height":""}],"twitter_card":"summary_large_image","twitter_misc":{"Est. reading time":"2 minutes"},"schema":{"@context":"https:\/\/schema.org","@graph":[{"@type":"WebPage","@id":"https:\/\/www.mayrtec.at\/en\/contact\/legal-notice\/","url":"https:\/\/www.mayrtec.at\/en\/contact\/legal-notice\/","name":"Legal Notice - Mayrtec Engineering - Ing. G\u00fcnther Mayr aus Ober\u00f6sterreich","isPartOf":{"@id":"https:\/\/www.mayrtec.at\/#website"},"primaryImageOfPage":{"@id":"https:\/\/www.mayrtec.at\/en\/contact\/legal-notice\/#primaryimage"},"image":{"@id":"https:\/\/www.mayrtec.at\/en\/contact\/legal-notice\/#primaryimage"},"thumbnailUrl":"https:\/\/schaumrolle-at.kds1.rundrweb.com\/naschmax\/wp-content\/uploads\/WKO.gif","datePublished":"2019-04-29T09:06:23+00:00","dateModified":"2022-06-13T11:55:40+00:00","breadcrumb":{"@id":"https:\/\/www.mayrtec.at\/en\/contact\/legal-notice\/#breadcrumb"},"inLanguage":"en-US","potentialAction":[{"@type":"ReadAction","target":["https:\/\/www.mayrtec.at\/en\/contact\/legal-notice\/"]}]},{"@type":"ImageObject","inLanguage":"en-US","@id":"https:\/\/www.mayrtec.at\/en\/contact\/legal-notice\/#primaryimage","url":"https:\/\/schaumrolle-at.kds1.rundrweb.com\/naschmax\/wp-content\/uploads\/WKO.gif","contentUrl":"https:\/\/schaumrolle-at.kds1.rundrweb.com\/naschmax\/wp-content\/uploads\/WKO.gif"},{"@type":"BreadcrumbList","@id":"https:\/\/www.mayrtec.at\/en\/contact\/legal-notice\/#breadcrumb","itemListElement":[{"@type":"ListItem","position":1,"name":"Startseite","item":"https:\/\/www.mayrtec.at\/en\/"},{"@type":"ListItem","position":2,"name":"Contact","item":"https:\/\/www.mayrtec.at\/en\/contact\/"},{"@type":"ListItem","position":3,"name":"Legal Notice"}]},{"@type":"WebSite","@id":"https:\/\/www.mayrtec.at\/#website","url":"https:\/\/www.mayrtec.at\/","name":"Mayrtec Engineering - Ing. G\u00fcnther Mayr aus Ober\u00f6sterreich","description":"Mayrtec Engineering -  Ing. G\u00fcnther Mayr aus Ober\u00f6sterreich steht f\u00fcr Sonderl\u00f6sungen im Maschinenbau und Mechatronik, sowie f\u00fcr Spezialprodukte im RC Bereich...","potentialAction":[{"@type":"SearchAction","target":{"@type":"EntryPoint","urlTemplate":"https:\/\/www.mayrtec.at\/?s={search_term_string}"},"query-input":{"@type":"PropertyValueSpecification","valueRequired":true,"valueName":"search_term_string"}}],"inLanguage":"en-US"}]}},"_links":{"self":[{"href":"https:\/\/www.mayrtec.at\/en\/wp-json\/wp\/v2\/pages\/734","targetHints":{"allow":["GET"]}}],"collection":[{"href":"https:\/\/www.mayrtec.at\/en\/wp-json\/wp\/v2\/pages"}],"about":[{"href":"https:\/\/www.mayrtec.at\/en\/wp-json\/wp\/v2\/types\/page"}],"author":[{"embeddable":true,"href":"https:\/\/www.mayrtec.at\/en\/wp-json\/wp\/v2\/users\/4"}],"replies":[{"embeddable":true,"href":"https:\/\/www.mayrtec.at\/en\/wp-json\/wp\/v2\/comments?post=734"}],"version-history":[{"count":9,"href":"https:\/\/www.mayrtec.at\/en\/wp-json\/wp\/v2\/pages\/734\/revisions"}],"predecessor-version":[{"id":3142,"href":"https:\/\/www.mayrtec.at\/en\/wp-json\/wp\/v2\/pages\/734\/revisions\/3142"}],"up":[{"embeddable":true,"href":"https:\/\/www.mayrtec.at\/en\/wp-json\/wp\/v2\/pages\/741"}],"wp:attachment":[{"href":"https:\/\/www.mayrtec.at\/en\/wp-json\/wp\/v2\/media?parent=734"}],"curies":[{"name":"wp","href":"https:\/\/api.w.org\/{rel}","templated":true}]}}